{"id":150,"date":"2021-08-12T17:04:20","date_gmt":"2021-08-12T16:04:20","guid":{"rendered":"https:\/\/shop.nobelnoise.de\/?page_id=150"},"modified":"2021-09-24T16:20:25","modified_gmt":"2021-09-24T15:20:25","slug":"home","status":"publish","type":"page","link":"https:\/\/www.nobelnoise.de\/","title":{"rendered":"Home"},"content":{"rendered":"\n<figure class=\"wp-block-image alignfull size-full\"><img loading=\"lazy\" decoding=\"async\" width=\"2200\" height=\"1116\" src=\"https:\/\/www.nobelnoise.de\/wp-content\/uploads\/2021\/08\/bgnn3-e1628784316594.jpg\" alt=\"\" class=\"wp-image-151\" srcset=\"https:\/\/www.nobelnoise.de\/wp-content\/uploads\/2021\/08\/bgnn3-e1628784316594.jpg 2200w, https:\/\/www.nobelnoise.de\/wp-content\/uploads\/2021\/08\/bgnn3-e1628784316594-300x152.jpg 300w, https:\/\/www.nobelnoise.de\/wp-content\/uploads\/2021\/08\/bgnn3-e1628784316594-1024x519.jpg 1024w, https:\/\/www.nobelnoise.de\/wp-content\/uploads\/2021\/08\/bgnn3-e1628784316594-768x390.jpg 768w, https:\/\/www.nobelnoise.de\/wp-content\/uploads\/2021\/08\/bgnn3-e1628784316594-1536x779.jpg 1536w, https:\/\/www.nobelnoise.de\/wp-content\/uploads\/2021\/08\/bgnn3-e1628784316594-2048x1039.jpg 2048w, https:\/\/www.nobelnoise.de\/wp-content\/uploads\/2021\/08\/bgnn3-e1628784316594-1568x795.jpg 1568w, https:\/\/www.nobelnoise.de\/wp-content\/uploads\/2021\/08\/bgnn3-e1628784316594-750x380.jpg 750w\" sizes=\"auto, (max-width: 2200px) 100vw, 2200px\" \/><\/figure>\n\n\n\n<div class=\"wp-block-group alignfull has-white-color has-dark-gray-background-color has-text-color has-background\"><div class=\"wp-block-group__inner-container is-layout-flow wp-block-group-is-layout-flow\">\n<h2 class=\"has-text-align-center wp-block-heading\">Die Beatfabrik<\/h2>\n\n\n\n<hr class=\"wp-block-separator aligncenter\"\/>\n\n\n\n<p class=\"has-text-align-center\">Nobel Noise Records ist eine vielseitige Kreativ-Schmiede, bestehend aus vielen kreativen K\u00f6pfen. Beatproduzenten, Textern, S\u00e4ngern, Rappern und Designern. Im Player finden Sie eine grosse Auswahl an Beats, die zum Verkauf stehen. Bei Interesse benutzen Sie unser Kontaktformular, und senden uns eine Nachricht.<\/p>\n<\/div><\/div>\n\n\n\n<div class=\"wp-block-group alignfull has-white-color has-black-background-color has-text-color has-background\"><div class=\"wp-block-group__inner-container is-layout-flow wp-block-group-is-layout-flow\">\n<h2 class=\"has-text-align-center wp-block-heading\">Das Studio<\/h2>\n\n\n\n<hr class=\"wp-block-separator\"\/>\n\n\n\n<p class=\"has-text-align-center\">Die Bauphase ist erfolgreich abgeschlossen. Unser Schmuckst\u00fcck ist bereit f\u00fcr grosses. Wir pr\u00e4sentieren euch einen kleinen Einblick ist unsere grossartigen R\u00e4umlichkeiten. F\u00fcr Buchungen und\/oder Preisinfos eMail schicken oder Kontaktformular benutzen.<\/p>\n\n\n\n<div class=\"wp-block-columns is-layout-flex wp-container-core-columns-is-layout-9d6595d7 wp-block-columns-is-layout-flex\">\n<div class=\"wp-block-column is-layout-flow wp-block-column-is-layout-flow\">\n<figure class=\"wp-block-image size-large\"><img loading=\"lazy\" decoding=\"async\" width=\"1024\" height=\"526\" src=\"https:\/\/www.nobelnoise.de\/wp-content\/uploads\/2021\/08\/kabin02-1024x526.jpg\" alt=\"\" class=\"wp-image-165\" srcset=\"https:\/\/www.nobelnoise.de\/wp-content\/uploads\/2021\/08\/kabin02-1024x526.jpg 1024w, https:\/\/www.nobelnoise.de\/wp-content\/uploads\/2021\/08\/kabin02-300x154.jpg 300w, https:\/\/www.nobelnoise.de\/wp-content\/uploads\/2021\/08\/kabin02-768x395.jpg 768w, https:\/\/www.nobelnoise.de\/wp-content\/uploads\/2021\/08\/kabin02-1536x789.jpg 1536w, https:\/\/www.nobelnoise.de\/wp-content\/uploads\/2021\/08\/kabin02-1568x805.jpg 1568w, https:\/\/www.nobelnoise.de\/wp-content\/uploads\/2021\/08\/kabin02-750x385.jpg 750w, https:\/\/www.nobelnoise.de\/wp-content\/uploads\/2021\/08\/kabin02.jpg 2048w\" sizes=\"auto, (max-width: 1024px) 100vw, 1024px\" \/><\/figure>\n<\/div>\n\n\n\n<div class=\"wp-block-column is-layout-flow wp-block-column-is-layout-flow\">\n<figure class=\"wp-block-image size-large\"><img loading=\"lazy\" decoding=\"async\" width=\"1024\" height=\"516\" src=\"https:\/\/www.nobelnoise.de\/wp-content\/uploads\/2021\/08\/Studio-innen-vt-mc01-1024x516.jpg\" alt=\"\" class=\"wp-image-166\" srcset=\"https:\/\/www.nobelnoise.de\/wp-content\/uploads\/2021\/08\/Studio-innen-vt-mc01-1024x516.jpg 1024w, https:\/\/www.nobelnoise.de\/wp-content\/uploads\/2021\/08\/Studio-innen-vt-mc01-300x151.jpg 300w, https:\/\/www.nobelnoise.de\/wp-content\/uploads\/2021\/08\/Studio-innen-vt-mc01-768x387.jpg 768w, https:\/\/www.nobelnoise.de\/wp-content\/uploads\/2021\/08\/Studio-innen-vt-mc01-1536x774.jpg 1536w, https:\/\/www.nobelnoise.de\/wp-content\/uploads\/2021\/08\/Studio-innen-vt-mc01-2048x1032.jpg 2048w, https:\/\/www.nobelnoise.de\/wp-content\/uploads\/2021\/08\/Studio-innen-vt-mc01-1568x790.jpg 1568w, https:\/\/www.nobelnoise.de\/wp-content\/uploads\/2021\/08\/Studio-innen-vt-mc01-750x378.jpg 750w\" sizes=\"auto, (max-width: 1024px) 100vw, 1024px\" \/><\/figure>\n<\/div>\n<\/div>\n\n\n\n<div class=\"wp-block-columns is-layout-flex wp-container-core-columns-is-layout-9d6595d7 wp-block-columns-is-layout-flex\">\n<div class=\"wp-block-column is-layout-flow wp-block-column-is-layout-flow\">\n<figure class=\"wp-block-image size-large\"><img loading=\"lazy\" decoding=\"async\" width=\"1024\" height=\"694\" src=\"https:\/\/www.nobelnoise.de\/wp-content\/uploads\/2021\/08\/PultCG-1024x694.jpg\" alt=\"\" class=\"wp-image-167\" srcset=\"https:\/\/www.nobelnoise.de\/wp-content\/uploads\/2021\/08\/PultCG-1024x694.jpg 1024w, https:\/\/www.nobelnoise.de\/wp-content\/uploads\/2021\/08\/PultCG-300x203.jpg 300w, https:\/\/www.nobelnoise.de\/wp-content\/uploads\/2021\/08\/PultCG-768x521.jpg 768w, https:\/\/www.nobelnoise.de\/wp-content\/uploads\/2021\/08\/PultCG-1536x1041.jpg 1536w, https:\/\/www.nobelnoise.de\/wp-content\/uploads\/2021\/08\/PultCG-2048x1389.jpg 2048w, https:\/\/www.nobelnoise.de\/wp-content\/uploads\/2021\/08\/PultCG-1568x1063.jpg 1568w, https:\/\/www.nobelnoise.de\/wp-content\/uploads\/2021\/08\/PultCG-750x509.jpg 750w\" sizes=\"auto, (max-width: 1024px) 100vw, 1024px\" \/><\/figure>\n<\/div>\n\n\n\n<div class=\"wp-block-column is-layout-flow wp-block-column-is-layout-flow\"><\/div>\n<\/div>\n<\/div><\/div>\n\n\n\n<h2 class=\"has-text-align-center wp-block-heading\">Releases, Shows &amp; History<\/h2>\n\n\n\n<hr class=\"wp-block-separator\"\/>\n\n\n\n<p class=\"has-text-align-center\">In der Zeitspanne seit der Lablegr\u00fcndung ist einiges passiert. Untenstehend sehen Sie eine kleine Zusammenfassung<br>der Ereignisse der letzten Jahre.<\/p>\n\n\n\n<figure class=\"wp-block-gallery columns-4 wp-block-gallery-1 is-layout-flex wp-block-gallery-is-layout-flex\"><ul class=\"blocks-gallery-grid\"><li class=\"blocks-gallery-item\"><figure><img loading=\"lazy\" decoding=\"async\" width=\"478\" height=\"341\" src=\"https:\/\/www.nobelnoise.de\/wp-content\/uploads\/2021\/09\/071109.jpg\" alt=\"\" data-id=\"373\" data-full-url=\"https:\/\/www.nobelnoise.de\/wp-content\/uploads\/2021\/09\/071109.jpg\" data-link=\"https:\/\/www.nobelnoise.de\/071109\/\" class=\"wp-image-373\" srcset=\"https:\/\/www.nobelnoise.de\/wp-content\/uploads\/2021\/09\/071109.jpg 478w, https:\/\/www.nobelnoise.de\/wp-content\/uploads\/2021\/09\/071109-300x214.jpg 300w\" sizes=\"auto, (max-width: 478px) 100vw, 478px\" \/><figcaption class=\"blocks-gallery-item__caption\">09<\/figcaption><\/figure><\/li><li class=\"blocks-gallery-item\"><figure><img loading=\"lazy\" decoding=\"async\" width=\"478\" height=\"341\" src=\"https:\/\/www.nobelnoise.de\/wp-content\/uploads\/2021\/09\/070406.jpg\" alt=\"\" data-id=\"372\" data-full-url=\"https:\/\/www.nobelnoise.de\/wp-content\/uploads\/2021\/09\/070406.jpg\" data-link=\"https:\/\/www.nobelnoise.de\/070406\/\" class=\"wp-image-372\" srcset=\"https:\/\/www.nobelnoise.de\/wp-content\/uploads\/2021\/09\/070406.jpg 478w, https:\/\/www.nobelnoise.de\/wp-content\/uploads\/2021\/09\/070406-300x214.jpg 300w\" sizes=\"auto, (max-width: 478px) 100vw, 478px\" \/><figcaption class=\"blocks-gallery-item__caption\">06<\/figcaption><\/figure><\/li><li class=\"blocks-gallery-item\"><figure><img loading=\"lazy\" decoding=\"async\" width=\"478\" height=\"341\" src=\"https:\/\/www.nobelnoise.de\/wp-content\/uploads\/2021\/09\/060608.jpg\" alt=\"\" data-id=\"371\" data-full-url=\"https:\/\/www.nobelnoise.de\/wp-content\/uploads\/2021\/09\/060608.jpg\" data-link=\"https:\/\/www.nobelnoise.de\/060608\/\" class=\"wp-image-371\" srcset=\"https:\/\/www.nobelnoise.de\/wp-content\/uploads\/2021\/09\/060608.jpg 478w, https:\/\/www.nobelnoise.de\/wp-content\/uploads\/2021\/09\/060608-300x214.jpg 300w\" sizes=\"auto, (max-width: 478px) 100vw, 478px\" \/><figcaption class=\"blocks-gallery-item__caption\">Flensburg<\/figcaption><\/figure><\/li><li class=\"blocks-gallery-item\"><figure><img loading=\"lazy\" decoding=\"async\" width=\"478\" height=\"341\" src=\"https:\/\/www.nobelnoise.de\/wp-content\/uploads\/2021\/09\/050805.jpg\" alt=\"\" data-id=\"370\" data-full-url=\"https:\/\/www.nobelnoise.de\/wp-content\/uploads\/2021\/09\/050805.jpg\" data-link=\"https:\/\/www.nobelnoise.de\/050805\/\" class=\"wp-image-370\" srcset=\"https:\/\/www.nobelnoise.de\/wp-content\/uploads\/2021\/09\/050805.jpg 478w, https:\/\/www.nobelnoise.de\/wp-content\/uploads\/2021\/09\/050805-300x214.jpg 300w\" sizes=\"auto, (max-width: 478px) 100vw, 478px\" \/><figcaption class=\"blocks-gallery-item__caption\">05<\/figcaption><\/figure><\/li><li class=\"blocks-gallery-item\"><figure><img loading=\"lazy\" decoding=\"async\" width=\"478\" height=\"341\" src=\"https:\/\/www.nobelnoise.de\/wp-content\/uploads\/2021\/09\/030410.jpg\" alt=\"\" data-id=\"369\" data-full-url=\"https:\/\/www.nobelnoise.de\/wp-content\/uploads\/2021\/09\/030410.jpg\" data-link=\"https:\/\/www.nobelnoise.de\/030410\/\" class=\"wp-image-369\" srcset=\"https:\/\/www.nobelnoise.de\/wp-content\/uploads\/2021\/09\/030410.jpg 478w, https:\/\/www.nobelnoise.de\/wp-content\/uploads\/2021\/09\/030410-300x214.jpg 300w\" sizes=\"auto, (max-width: 478px) 100vw, 478px\" \/><figcaption class=\"blocks-gallery-item__caption\">10<\/figcaption><\/figure><\/li><li class=\"blocks-gallery-item\"><figure><img loading=\"lazy\" decoding=\"async\" width=\"341\" height=\"478\" src=\"https:\/\/www.nobelnoise.de\/wp-content\/uploads\/2021\/09\/030306.jpg\" alt=\"\" data-id=\"368\" data-full-url=\"https:\/\/www.nobelnoise.de\/wp-content\/uploads\/2021\/09\/030306.jpg\" data-link=\"https:\/\/www.nobelnoise.de\/030306\/\" class=\"wp-image-368\" srcset=\"https:\/\/www.nobelnoise.de\/wp-content\/uploads\/2021\/09\/030306.jpg 341w, https:\/\/www.nobelnoise.de\/wp-content\/uploads\/2021\/09\/030306-214x300.jpg 214w\" sizes=\"auto, (max-width: 341px) 100vw, 341px\" \/><figcaption class=\"blocks-gallery-item__caption\">06<\/figcaption><\/figure><\/li><li class=\"blocks-gallery-item\"><figure><img loading=\"lazy\" decoding=\"async\" width=\"341\" height=\"478\" src=\"https:\/\/www.nobelnoise.de\/wp-content\/uploads\/2021\/09\/030206_.jpg\" alt=\"\" data-id=\"367\" data-full-url=\"https:\/\/www.nobelnoise.de\/wp-content\/uploads\/2021\/09\/030206_.jpg\" data-link=\"https:\/\/www.nobelnoise.de\/030206_\/\" class=\"wp-image-367\" srcset=\"https:\/\/www.nobelnoise.de\/wp-content\/uploads\/2021\/09\/030206_.jpg 341w, https:\/\/www.nobelnoise.de\/wp-content\/uploads\/2021\/09\/030206_-214x300.jpg 214w\" sizes=\"auto, (max-width: 341px) 100vw, 341px\" \/><figcaption class=\"blocks-gallery-item__caption\">Record Release<\/figcaption><\/figure><\/li><li class=\"blocks-gallery-item\"><figure><img loading=\"lazy\" decoding=\"async\" width=\"500\" height=\"348\" src=\"https:\/\/www.nobelnoise.de\/wp-content\/uploads\/2021\/09\/release.jpg\" alt=\"\" data-id=\"374\" data-full-url=\"https:\/\/www.nobelnoise.de\/wp-content\/uploads\/2021\/09\/release.jpg\" data-link=\"https:\/\/www.nobelnoise.de\/release\/\" class=\"wp-image-374\" srcset=\"https:\/\/www.nobelnoise.de\/wp-content\/uploads\/2021\/09\/release.jpg 500w, https:\/\/www.nobelnoise.de\/wp-content\/uploads\/2021\/09\/release-300x209.jpg 300w\" sizes=\"auto, (max-width: 500px) 100vw, 500px\" \/><figcaption class=\"blocks-gallery-item__caption\">06<\/figcaption><\/figure><\/li><\/ul><\/figure>\n","protected":false},"excerpt":{"rendered":"<p>Die Beatfabrik Nobel Noise Records ist eine vielseitige Kreativ-Schmiede, bestehend aus vielen kreativen K\u00f6pfen. Beatproduzenten, Textern, S\u00e4ngern, Rappern und Designern. Im Player finden Sie eine grosse Auswahl an Beats, die zum Verkauf stehen. Bei Interesse benutzen Sie unser Kontaktformular, und senden uns eine Nachricht. Das Studio Die Bauphase ist erfolgreich abgeschlossen. Unser Schmuckst\u00fcck ist bereit&hellip; <a class=\"more-link\" href=\"https:\/\/www.nobelnoise.de\/\">Continue reading <span class=\"screen-reader-text\">Home<\/span><\/a><\/p>\n","protected":false},"author":3,"featured_media":0,"parent":0,"menu_order":0,"comment_status":"closed","ping_status":"closed","template":"","meta":{"footnotes":""},"class_list":["post-150","page","type-page","status-publish","hentry","entry"],"_links":{"self":[{"href":"https:\/\/www.nobelnoise.de\/index.php?rest_route=\/wp\/v2\/pages\/150","targetHints":{"allow":["GET"]}}],"collection":[{"href":"https:\/\/www.nobelnoise.de\/index.php?rest_route=\/wp\/v2\/pages"}],"about":[{"href":"https:\/\/www.nobelnoise.de\/index.php?rest_route=\/wp\/v2\/types\/page"}],"author":[{"embeddable":true,"href":"https:\/\/www.nobelnoise.de\/index.php?rest_route=\/wp\/v2\/users\/3"}],"replies":[{"embeddable":true,"href":"https:\/\/www.nobelnoise.de\/index.php?rest_route=%2Fwp%2Fv2%2Fcomments&post=150"}],"version-history":[{"count":23,"href":"https:\/\/www.nobelnoise.de\/index.php?rest_route=\/wp\/v2\/pages\/150\/revisions"}],"predecessor-version":[{"id":476,"href":"https:\/\/www.nobelnoise.de\/index.php?rest_route=\/wp\/v2\/pages\/150\/revisions\/476"}],"wp:attachment":[{"href":"https:\/\/www.nobelnoise.de\/index.php?rest_route=%2Fwp%2Fv2%2Fmedia&parent=150"}],"curies":[{"name":"wp","href":"https:\/\/api.w.org\/{rel}","templated":true}]}}