{"id":238,"date":"2021-08-17T16:29:03","date_gmt":"2021-08-17T15:29:03","guid":{"rendered":"https:\/\/shop.nobelnoise.de\/?page_id=238"},"modified":"2021-08-17T16:29:34","modified_gmt":"2021-08-17T15:29:34","slug":"hoerproben-andere-kleinigkeiten","status":"publish","type":"page","link":"https:\/\/www.nobelnoise.de\/?page_id=238","title":{"rendered":"H\u00f6rproben &#038; andere Kleinigkeiten"},"content":{"rendered":"\n<div class=\"wp-block-group\"><div class=\"wp-block-group__inner-container is-layout-flow wp-block-group-is-layout-flow\">\n<p class=\"has-text-align-center\">Die unten aufgelisteten, und zur Wiedergabe bereitstehenden Musikst\u00fccke k\u00f6nnen alle k\u00e4uflich erworben werden. Bei Interesse senden Sie uns bequem eine Nachricht \u00fcber unser Kontaktformular.<\/p>\n\n\n<ul class=\"wp-block-latest-posts__list is-grid columns-3 aligncenter wp-block-latest-posts\"><li><div class=\"wp-block-latest-posts__featured-image aligncenter\"><img loading=\"lazy\" decoding=\"async\" width=\"120\" height=\"120\" src=\"https:\/\/www.nobelnoise.de\/wp-content\/uploads\/2021\/08\/bbd.jpg\" class=\"attachment-thumbnail size-thumbnail wp-post-image\" alt=\"\" style=\"width:100%;height:100%;max-width:120px;\" srcset=\"https:\/\/www.nobelnoise.de\/wp-content\/uploads\/2021\/08\/bbd.jpg 120w, https:\/\/www.nobelnoise.de\/wp-content\/uploads\/2021\/08\/bbd-100x100.jpg 100w\" sizes=\"auto, (max-width: 120px) 100vw, 120px\" \/><\/div><a class=\"wp-block-latest-posts__post-title\" href=\"https:\/\/www.nobelnoise.de\/?p=235\">Yeman Bollog Bor Doft 2<\/a><div class=\"wp-block-latest-posts__post-full-content\"><!-- wp:audio {\"id\":219} -->\n<figure class=\"wp-block-audio\"><audio controls src=\"https:\/\/www.nobelnoise.de\/wp-content\/uploads\/2021\/08\/BBD2Skits.mp3\"><\/audio><\/figure>\n<!-- \/wp:audio --><\/div><\/li>\n<li><div class=\"wp-block-latest-posts__featured-image aligncenter\"><img loading=\"lazy\" decoding=\"async\" width=\"120\" height=\"120\" src=\"https:\/\/www.nobelnoise.de\/wp-content\/uploads\/2021\/08\/nnr.jpg\" class=\"attachment-thumbnail size-thumbnail wp-post-image\" alt=\"\" style=\"width:100%;height:100%;max-width:120px;\" srcset=\"https:\/\/www.nobelnoise.de\/wp-content\/uploads\/2021\/08\/nnr.jpg 120w, https:\/\/www.nobelnoise.de\/wp-content\/uploads\/2021\/08\/nnr-100x100.jpg 100w\" sizes=\"auto, (max-width: 120px) 100vw, 120px\" \/><\/div><a class=\"wp-block-latest-posts__post-title\" href=\"https:\/\/www.nobelnoise.de\/?p=232\">NNR Mixtape<\/a><div class=\"wp-block-latest-posts__post-full-content\"><!-- wp:audio {\"id\":221} -->\n<figure class=\"wp-block-audio\"><audio controls src=\"https:\/\/www.nobelnoise.de\/wp-content\/uploads\/2021\/08\/nnr.mp3\"><\/audio><\/figure>\n<!-- \/wp:audio --><\/div><\/li>\n<li><div class=\"wp-block-latest-posts__featured-image aligncenter\"><img loading=\"lazy\" decoding=\"async\" width=\"120\" height=\"120\" src=\"https:\/\/www.nobelnoise.de\/wp-content\/uploads\/2021\/08\/mando.jpg\" class=\"attachment-thumbnail size-thumbnail wp-post-image\" alt=\"\" style=\"width:100%;height:100%;max-width:120px;\" srcset=\"https:\/\/www.nobelnoise.de\/wp-content\/uploads\/2021\/08\/mando.jpg 120w, https:\/\/www.nobelnoise.de\/wp-content\/uploads\/2021\/08\/mando-100x100.jpg 100w\" sizes=\"auto, (max-width: 120px) 100vw, 120px\" \/><\/div><a class=\"wp-block-latest-posts__post-title\" href=\"https:\/\/www.nobelnoise.de\/?p=229\">Mando<\/a><div class=\"wp-block-latest-posts__post-full-content\"><!-- wp:audio {\"id\":220} -->\n<figure class=\"wp-block-audio\"><audio controls src=\"https:\/\/www.nobelnoise.de\/wp-content\/uploads\/2021\/08\/mando.mp3\"><\/audio><\/figure>\n<!-- \/wp:audio --><\/div><\/li>\n<li><div class=\"wp-block-latest-posts__featured-image aligncenter\"><img loading=\"lazy\" decoding=\"async\" width=\"120\" height=\"120\" src=\"https:\/\/www.nobelnoise.de\/wp-content\/uploads\/2021\/08\/augenblick.jpg\" class=\"attachment-thumbnail size-thumbnail wp-post-image\" alt=\"\" style=\"width:100%;height:100%;max-width:120px;\" srcset=\"https:\/\/www.nobelnoise.de\/wp-content\/uploads\/2021\/08\/augenblick.jpg 120w, https:\/\/www.nobelnoise.de\/wp-content\/uploads\/2021\/08\/augenblick-100x100.jpg 100w\" sizes=\"auto, (max-width: 120px) 100vw, 120px\" \/><\/div><a class=\"wp-block-latest-posts__post-title\" href=\"https:\/\/www.nobelnoise.de\/?p=226\">Roos.<\/a><div class=\"wp-block-latest-posts__post-full-content\"><!-- wp:audio {\"id\":218} -->\n<figure class=\"wp-block-audio\"><audio controls src=\"https:\/\/www.nobelnoise.de\/wp-content\/uploads\/2021\/08\/Augenblick.mp3\"><\/audio><\/figure>\n<!-- \/wp:audio --><\/div><\/li>\n<li><div class=\"wp-block-latest-posts__featured-image aligncenter\"><img loading=\"lazy\" decoding=\"async\" width=\"120\" height=\"120\" src=\"https:\/\/www.nobelnoise.de\/wp-content\/uploads\/2021\/08\/CP-Cover-Front-Pre-Net.jpg\" class=\"attachment-thumbnail size-thumbnail wp-post-image\" alt=\"\" style=\"width:100%;height:100%;max-width:120px;\" srcset=\"https:\/\/www.nobelnoise.de\/wp-content\/uploads\/2021\/08\/CP-Cover-Front-Pre-Net.jpg 120w, https:\/\/www.nobelnoise.de\/wp-content\/uploads\/2021\/08\/CP-Cover-Front-Pre-Net-100x100.jpg 100w\" sizes=\"auto, (max-width: 120px) 100vw, 120px\" \/><\/div><a class=\"wp-block-latest-posts__post-title\" href=\"https:\/\/www.nobelnoise.de\/?p=211\">Chaospaar.<\/a><div class=\"wp-block-latest-posts__post-full-content\"><!-- wp:audio {\"id\":216} -->\n<figure class=\"wp-block-audio\"><audio controls src=\"https:\/\/www.nobelnoise.de\/wp-content\/uploads\/2021\/08\/Wissen.mp3\"><\/audio><\/figure>\n<!-- \/wp:audio --><\/div><\/li>\n<li><div class=\"wp-block-latest-posts__featured-image aligncenter\"><img loading=\"lazy\" decoding=\"async\" width=\"120\" height=\"120\" src=\"https:\/\/www.nobelnoise.de\/wp-content\/uploads\/2021\/08\/yeman.jpg\" class=\"attachment-thumbnail size-thumbnail wp-post-image\" alt=\"\" style=\"width:100%;height:100%;max-width:120px;\" srcset=\"https:\/\/www.nobelnoise.de\/wp-content\/uploads\/2021\/08\/yeman.jpg 120w, https:\/\/www.nobelnoise.de\/wp-content\/uploads\/2021\/08\/yeman-100x100.jpg 100w\" sizes=\"auto, (max-width: 120px) 100vw, 120px\" \/><\/div><a class=\"wp-block-latest-posts__post-title\" href=\"https:\/\/www.nobelnoise.de\/?p=223\">Yeman.<\/a><div class=\"wp-block-latest-posts__post-full-content\"><!-- wp:audio {\"id\":217} -->\n<figure class=\"wp-block-audio\"><audio controls src=\"https:\/\/www.nobelnoise.de\/wp-content\/uploads\/2021\/08\/YemanMixtapeSkits.mp3\"><\/audio><\/figure>\n<!-- \/wp:audio --><\/div><\/li>\n<\/ul><\/div><\/div>\n","protected":false},"excerpt":{"rendered":"<p>Die unten aufgelisteten, und zur Wiedergabe bereitstehenden Musikst\u00fccke k\u00f6nnen alle k\u00e4uflich erworben werden. Bei Interesse senden Sie uns bequem eine Nachricht \u00fcber unser Kontaktformular.<\/p>\n","protected":false},"author":3,"featured_media":0,"parent":0,"menu_order":0,"comment_status":"closed","ping_status":"closed","template":"","meta":{"footnotes":""},"class_list":["post-238","page","type-page","status-publish","hentry","entry"],"_links":{"self":[{"href":"https:\/\/www.nobelnoise.de\/index.php?rest_route=\/wp\/v2\/pages\/238","targetHints":{"allow":["GET"]}}],"collection":[{"href":"https:\/\/www.nobelnoise.de\/index.php?rest_route=\/wp\/v2\/pages"}],"about":[{"href":"https:\/\/www.nobelnoise.de\/index.php?rest_route=\/wp\/v2\/types\/page"}],"author":[{"embeddable":true,"href":"https:\/\/www.nobelnoise.de\/index.php?rest_route=\/wp\/v2\/users\/3"}],"replies":[{"embeddable":true,"href":"https:\/\/www.nobelnoise.de\/index.php?rest_route=%2Fwp%2Fv2%2Fcomments&post=238"}],"version-history":[{"count":2,"href":"https:\/\/www.nobelnoise.de\/index.php?rest_route=\/wp\/v2\/pages\/238\/revisions"}],"predecessor-version":[{"id":240,"href":"https:\/\/www.nobelnoise.de\/index.php?rest_route=\/wp\/v2\/pages\/238\/revisions\/240"}],"wp:attachment":[{"href":"https:\/\/www.nobelnoise.de\/index.php?rest_route=%2Fwp%2Fv2%2Fmedia&parent=238"}],"curies":[{"name":"wp","href":"https:\/\/api.w.org\/{rel}","templated":true}]}}