{"id":480,"date":"2021-09-30T19:20:01","date_gmt":"2021-09-30T18:20:01","guid":{"rendered":"https:\/\/www.nobelnoise.de\/?page_id=480"},"modified":"2021-09-30T19:20:01","modified_gmt":"2021-09-30T18:20:01","slug":"impressum","status":"publish","type":"page","link":"https:\/\/www.nobelnoise.de\/?page_id=480","title":{"rendered":"Impressum"},"content":{"rendered":"\n<p><strong>Impressum<\/strong><\/p>\n\n\n\n<p>Betreiber und Kontakt:<\/p>\n\n\n\n<p>Noble Noise Records<\/p>\n\n\n\n<p>Belziger Str. 37<\/p>\n\n\n\n<p>10823 Berlin<\/p>\n\n\n\n<p>Tel: 01796030112<\/p>\n\n\n\n<p>E-Mail: info@<a>noblenoise<\/a>.de<\/p>\n\n\n\n<p>Vertretung\/inhaltlich Verantwortlicher:<\/p>\n\n\n\n<p>Noble Noise Records wird vertreten durch Herrn Imtiaz ul-Haque<\/p>\n\n\n\n<p>zu erg\u00e4nzen:<\/p>\n\n\n\n<p>&#8211; Einzelunternehmen \/ Musikproduktion<\/p>\n\n\n\n<p>&#8211; Rechtsstand Amtsgericht : Sch\u00f6neberg<\/p>\n\n\n\n<p>&#8211; Verantwortlich Website&nbsp;<\/p>\n\n\n\n<p>Haftungshinweis: Trotz sorgf\u00e4ltiger inhaltlicher Kontrolle wird keine Haftung f\u00fcr die Inhalte externer Links \u00fcbernommen. F\u00fcr den Inhalt der verlinkten Seiten sind ausschlie\u00dflich deren Betreiber verantwortlich.<\/p>\n","protected":false},"excerpt":{"rendered":"<p>Impressum Betreiber und Kontakt: Noble Noise Records Belziger Str. 37 10823 Berlin Tel: 01796030112 E-Mail: info@noblenoise.de Vertretung\/inhaltlich Verantwortlicher: Noble Noise Records wird vertreten durch Herrn Imtiaz ul-Haque zu erg\u00e4nzen: &#8211; Einzelunternehmen \/ Musikproduktion &#8211; Rechtsstand Amtsgericht : Sch\u00f6neberg &#8211; Verantwortlich Website&nbsp; Haftungshinweis: Trotz sorgf\u00e4ltiger inhaltlicher Kontrolle wird keine Haftung f\u00fcr die Inhalte externer Links \u00fcbernommen.&hellip; <a class=\"more-link\" href=\"https:\/\/www.nobelnoise.de\/?page_id=480\">Continue reading <span class=\"screen-reader-text\">Impressum<\/span><\/a><\/p>\n","protected":false},"author":1,"featured_media":0,"parent":0,"menu_order":0,"comment_status":"closed","ping_status":"closed","template":"","meta":{"footnotes":""},"class_list":["post-480","page","type-page","status-publish","hentry","entry"],"_links":{"self":[{"href":"https:\/\/www.nobelnoise.de\/index.php?rest_route=\/wp\/v2\/pages\/480","targetHints":{"allow":["GET"]}}],"collection":[{"href":"https:\/\/www.nobelnoise.de\/index.php?rest_route=\/wp\/v2\/pages"}],"about":[{"href":"https:\/\/www.nobelnoise.de\/index.php?rest_route=\/wp\/v2\/types\/page"}],"author":[{"embeddable":true,"href":"https:\/\/www.nobelnoise.de\/index.php?rest_route=\/wp\/v2\/users\/1"}],"replies":[{"embeddable":true,"href":"https:\/\/www.nobelnoise.de\/index.php?rest_route=%2Fwp%2Fv2%2Fcomments&post=480"}],"version-history":[{"count":1,"href":"https:\/\/www.nobelnoise.de\/index.php?rest_route=\/wp\/v2\/pages\/480\/revisions"}],"predecessor-version":[{"id":481,"href":"https:\/\/www.nobelnoise.de\/index.php?rest_route=\/wp\/v2\/pages\/480\/revisions\/481"}],"wp:attachment":[{"href":"https:\/\/www.nobelnoise.de\/index.php?rest_route=%2Fwp%2Fv2%2Fmedia&parent=480"}],"curies":[{"name":"wp","href":"https:\/\/api.w.org\/{rel}","templated":true}]}}